{"id":1928,"date":"2019-10-28T13:37:39","date_gmt":"2019-10-28T13:37:39","guid":{"rendered":"https:\/\/www.vuf.lt\/remejai\/"},"modified":"2025-12-05T11:50:19","modified_gmt":"2025-12-05T09:50:19","slug":"donors","status":"publish","type":"page","link":"https:\/\/vuf.lt\/en\/donors\/","title":{"rendered":"Donors &#038; Partners"},"content":{"rendered":"\r\n<p style=\"text-align: center;\"><\/p>\r\n<p style=\"text-align: center;\"><\/p>\r\n<p style=\"text-align: center;\">Sponsors of the Vilnius University Foundation are <em><strong>impact investors<\/strong><\/em> who not only provide financial support but also actively strengthen the competitiveness of Vilnius University and Lithuanian higher education through their social capital.<\/p>\r\n<p style=\"text-align: center;\"><\/p>\r\n<p style=\"text-align: center;\"><\/p>\r\n","protected":false},"excerpt":{"rendered":"","protected":false},"author":1,"featured_media":235034,"parent":0,"menu_order":0,"comment_status":"closed","ping_status":"closed","template":"page-sponsors.php","meta":{"_acf_changed":false,"_monsterinsights_skip_tracking":false,"_monsterinsights_sitenote_active":false,"_monsterinsights_sitenote_note":"","_monsterinsights_sitenote_category":0,"footnotes":""},"class_list":["post-1928","page","type-page","status-publish","has-post-thumbnail","hentry"],"acf":[],"yoast_head":"<!-- This site is optimized with the Yoast SEO plugin v27.2 - https:\/\/yoast.com\/product\/yoast-seo-wordpress\/ -->\n<title>Donors &amp; Partners - Vilnius University Foundation<\/title>\n<meta name=\"description\" content=\"Vilniaus universiteto fondo r\u0117m\u0117jai yra poveikio investuotojai, kurie tiek finansine parama, tiek savo socialiniu kapitalu prisideda prie Vilniaus universiteto ir Lietuvos auk\u0161tojo mokslo konkurencingumo stiprinimo. Fondas telkia verslo, visuomen\u0117s lyderius ir akademikus kartu ie\u0161koti ir \u012fgyvendinti valstybei svarbias iniciatyvas.\" \/>\n<meta name=\"robots\" content=\"index, follow, max-snippet:-1, max-image-preview:large, max-video-preview:-1\" \/>\n<meta property=\"og:locale\" content=\"en_US\" \/>\n<meta property=\"og:type\" content=\"article\" \/>\n<meta property=\"og:title\" content=\"Donors &amp; Partners - Vilnius University Foundation\" \/>\n<meta property=\"og:description\" content=\"Vilniaus universiteto fondo r\u0117m\u0117jai yra poveikio investuotojai, kurie tiek finansine parama, tiek savo socialiniu kapitalu prisideda prie Vilniaus universiteto ir Lietuvos auk\u0161tojo mokslo konkurencingumo stiprinimo. Fondas telkia verslo, visuomen\u0117s lyderius ir akademikus kartu ie\u0161koti ir \u012fgyvendinti valstybei svarbias iniciatyvas.\" \/>\n<meta property=\"og:url\" content=\"https:\/\/vuf.lt\/en\/donors\/\" \/>\n<meta property=\"og:site_name\" content=\"Vilnius University Foundation\" \/>\n<meta property=\"article:modified_time\" content=\"2025-12-05T09:50:19+00:00\" \/>\n<meta property=\"og:image\" content=\"https:\/\/vuf.lt\/wp-content\/uploads\/2021\/04\/vuf_ss2.jpg\" \/>\n\t<meta property=\"og:image:width\" content=\"1200\" \/>\n\t<meta property=\"og:image:height\" content=\"630\" \/>\n\t<meta property=\"og:image:type\" content=\"image\/jpeg\" \/>\n<meta name=\"twitter:card\" content=\"summary_large_image\" \/>\n<meta name=\"twitter:image\" content=\"https:\/\/vuf.lt\/wp-content\/uploads\/2021\/04\/vuf_ss2.jpg\" \/>\n<meta name=\"twitter:label1\" content=\"Est. reading time\" \/>\n\t<meta name=\"twitter:data1\" content=\"1 minute\" \/>\n<script type=\"application\/ld+json\" class=\"yoast-schema-graph\">{\"@context\":\"https:\/\/schema.org\",\"@graph\":[{\"@type\":\"WebPage\",\"@id\":\"https:\/\/vuf.lt\/en\/donors\/\",\"url\":\"https:\/\/vuf.lt\/en\/donors\/\",\"name\":\"Donors & Partners - Vilnius University Foundation\",\"isPartOf\":{\"@id\":\"https:\/\/vuf.lt\/#website\"},\"primaryImageOfPage\":{\"@id\":\"https:\/\/vuf.lt\/en\/donors\/#primaryimage\"},\"image\":{\"@id\":\"https:\/\/vuf.lt\/en\/donors\/#primaryimage\"},\"thumbnailUrl\":\"https:\/\/vuf.lt\/wp-content\/uploads\/2023\/09\/vuf2023cover-1.jpg\",\"datePublished\":\"2019-10-28T13:37:39+00:00\",\"dateModified\":\"2025-12-05T09:50:19+00:00\",\"description\":\"Vilniaus universiteto fondo r\u0117m\u0117jai yra poveikio investuotojai, kurie tiek finansine parama, tiek savo socialiniu kapitalu prisideda prie Vilniaus universiteto ir Lietuvos auk\u0161tojo mokslo konkurencingumo stiprinimo. Fondas telkia verslo, visuomen\u0117s lyderius ir akademikus kartu ie\u0161koti ir \u012fgyvendinti valstybei svarbias iniciatyvas.\",\"breadcrumb\":{\"@id\":\"https:\/\/vuf.lt\/en\/donors\/#breadcrumb\"},\"inLanguage\":\"en-US\",\"potentialAction\":[{\"@type\":\"ReadAction\",\"target\":[\"https:\/\/vuf.lt\/en\/donors\/\"]}]},{\"@type\":\"ImageObject\",\"inLanguage\":\"en-US\",\"@id\":\"https:\/\/vuf.lt\/en\/donors\/#primaryimage\",\"url\":\"https:\/\/vuf.lt\/wp-content\/uploads\/2023\/09\/vuf2023cover-1.jpg\",\"contentUrl\":\"https:\/\/vuf.lt\/wp-content\/uploads\/2023\/09\/vuf2023cover-1.jpg\",\"width\":2400,\"height\":300},{\"@type\":\"BreadcrumbList\",\"@id\":\"https:\/\/vuf.lt\/en\/donors\/#breadcrumb\",\"itemListElement\":[{\"@type\":\"ListItem\",\"position\":1,\"name\":\"Home\",\"item\":\"https:\/\/vuf.lt\/en\/\"},{\"@type\":\"ListItem\",\"position\":2,\"name\":\"Donors &#038; Partners\"}]},{\"@type\":\"WebSite\",\"@id\":\"https:\/\/vuf.lt\/#website\",\"url\":\"https:\/\/vuf.lt\/\",\"name\":\"Vilnius University Foundation\",\"description\":\"Donate to the sustainable endowment fund. Your donation is smartly invested. Return on investment is used to finance Vilnius University, and reinvested.\",\"potentialAction\":[{\"@type\":\"SearchAction\",\"target\":{\"@type\":\"EntryPoint\",\"urlTemplate\":\"https:\/\/vuf.lt\/?s={search_term_string}\"},\"query-input\":{\"@type\":\"PropertyValueSpecification\",\"valueRequired\":true,\"valueName\":\"search_term_string\"}}],\"inLanguage\":\"en-US\"}]}<\/script>\n<!-- \/ Yoast SEO plugin. -->","yoast_head_json":{"title":"Donors & Partners - Vilnius University Foundation","description":"Vilniaus universiteto fondo r\u0117m\u0117jai yra poveikio investuotojai, kurie tiek finansine parama, tiek savo socialiniu kapitalu prisideda prie Vilniaus universiteto ir Lietuvos auk\u0161tojo mokslo konkurencingumo stiprinimo. Fondas telkia verslo, visuomen\u0117s lyderius ir akademikus kartu ie\u0161koti ir \u012fgyvendinti valstybei svarbias iniciatyvas.","robots":{"index":"index","follow":"follow","max-snippet":"max-snippet:-1","max-image-preview":"max-image-preview:large","max-video-preview":"max-video-preview:-1"},"og_locale":"en_US","og_type":"article","og_title":"Donors & Partners - Vilnius University Foundation","og_description":"Vilniaus universiteto fondo r\u0117m\u0117jai yra poveikio investuotojai, kurie tiek finansine parama, tiek savo socialiniu kapitalu prisideda prie Vilniaus universiteto ir Lietuvos auk\u0161tojo mokslo konkurencingumo stiprinimo. Fondas telkia verslo, visuomen\u0117s lyderius ir akademikus kartu ie\u0161koti ir \u012fgyvendinti valstybei svarbias iniciatyvas.","og_url":"https:\/\/vuf.lt\/en\/donors\/","og_site_name":"Vilnius University Foundation","article_modified_time":"2025-12-05T09:50:19+00:00","og_image":[{"width":1200,"height":630,"url":"https:\/\/vuf.lt\/wp-content\/uploads\/2021\/04\/vuf_ss2.jpg","type":"image\/jpeg"}],"twitter_card":"summary_large_image","twitter_image":"https:\/\/vuf.lt\/wp-content\/uploads\/2021\/04\/vuf_ss2.jpg","twitter_misc":{"Est. reading time":"1 minute"},"schema":{"@context":"https:\/\/schema.org","@graph":[{"@type":"WebPage","@id":"https:\/\/vuf.lt\/en\/donors\/","url":"https:\/\/vuf.lt\/en\/donors\/","name":"Donors & Partners - Vilnius University Foundation","isPartOf":{"@id":"https:\/\/vuf.lt\/#website"},"primaryImageOfPage":{"@id":"https:\/\/vuf.lt\/en\/donors\/#primaryimage"},"image":{"@id":"https:\/\/vuf.lt\/en\/donors\/#primaryimage"},"thumbnailUrl":"https:\/\/vuf.lt\/wp-content\/uploads\/2023\/09\/vuf2023cover-1.jpg","datePublished":"2019-10-28T13:37:39+00:00","dateModified":"2025-12-05T09:50:19+00:00","description":"Vilniaus universiteto fondo r\u0117m\u0117jai yra poveikio investuotojai, kurie tiek finansine parama, tiek savo socialiniu kapitalu prisideda prie Vilniaus universiteto ir Lietuvos auk\u0161tojo mokslo konkurencingumo stiprinimo. Fondas telkia verslo, visuomen\u0117s lyderius ir akademikus kartu ie\u0161koti ir \u012fgyvendinti valstybei svarbias iniciatyvas.","breadcrumb":{"@id":"https:\/\/vuf.lt\/en\/donors\/#breadcrumb"},"inLanguage":"en-US","potentialAction":[{"@type":"ReadAction","target":["https:\/\/vuf.lt\/en\/donors\/"]}]},{"@type":"ImageObject","inLanguage":"en-US","@id":"https:\/\/vuf.lt\/en\/donors\/#primaryimage","url":"https:\/\/vuf.lt\/wp-content\/uploads\/2023\/09\/vuf2023cover-1.jpg","contentUrl":"https:\/\/vuf.lt\/wp-content\/uploads\/2023\/09\/vuf2023cover-1.jpg","width":2400,"height":300},{"@type":"BreadcrumbList","@id":"https:\/\/vuf.lt\/en\/donors\/#breadcrumb","itemListElement":[{"@type":"ListItem","position":1,"name":"Home","item":"https:\/\/vuf.lt\/en\/"},{"@type":"ListItem","position":2,"name":"Donors &#038; Partners"}]},{"@type":"WebSite","@id":"https:\/\/vuf.lt\/#website","url":"https:\/\/vuf.lt\/","name":"Vilnius University Foundation","description":"Donate to the sustainable endowment fund. Your donation is smartly invested. Return on investment is used to finance Vilnius University, and reinvested.","potentialAction":[{"@type":"SearchAction","target":{"@type":"EntryPoint","urlTemplate":"https:\/\/vuf.lt\/?s={search_term_string}"},"query-input":{"@type":"PropertyValueSpecification","valueRequired":true,"valueName":"search_term_string"}}],"inLanguage":"en-US"}]}},"_links":{"self":[{"href":"https:\/\/vuf.lt\/en\/wp-json\/wp\/v2\/pages\/1928","targetHints":{"allow":["GET"]}}],"collection":[{"href":"https:\/\/vuf.lt\/en\/wp-json\/wp\/v2\/pages"}],"about":[{"href":"https:\/\/vuf.lt\/en\/wp-json\/wp\/v2\/types\/page"}],"author":[{"embeddable":true,"href":"https:\/\/vuf.lt\/en\/wp-json\/wp\/v2\/users\/1"}],"replies":[{"embeddable":true,"href":"https:\/\/vuf.lt\/en\/wp-json\/wp\/v2\/comments?post=1928"}],"version-history":[{"count":6,"href":"https:\/\/vuf.lt\/en\/wp-json\/wp\/v2\/pages\/1928\/revisions"}],"predecessor-version":[{"id":241708,"href":"https:\/\/vuf.lt\/en\/wp-json\/wp\/v2\/pages\/1928\/revisions\/241708"}],"wp:featuredmedia":[{"embeddable":true,"href":"https:\/\/vuf.lt\/en\/wp-json\/wp\/v2\/media\/235034"}],"wp:attachment":[{"href":"https:\/\/vuf.lt\/en\/wp-json\/wp\/v2\/media?parent=1928"}],"curies":[{"name":"wp","href":"https:\/\/api.w.org\/{rel}","templated":true}]}}