{"id":234374,"date":"2023-05-09T12:26:38","date_gmt":"2023-05-09T12:26:38","guid":{"rendered":"https:\/\/vuf.lt\/metinis-pranesimas-2022\/"},"modified":"2023-05-19T17:03:54","modified_gmt":"2023-05-19T14:03:54","slug":"annual-report-2022","status":"publish","type":"page","link":"https:\/\/vuf.lt\/en\/annual-report-2022\/","title":{"rendered":"Annual Report \u2022 2022"},"content":{"rendered":"<p style=\"text-align: center;\">Get acquainted with VU Foundation&#8217;s independent auditor\u2018s report, annual report, financial statements for the year <strong>2022<\/strong>. View this document as PDF <a href=\"https:\/\/vuf.lt\/wp-content\/uploads\/2023\/05\/VU-Foundation-Annual-Report-2022.pdf\" target=\"_blank\" rel=\"noopener\">here<\/a>.<\/p>\n<p style=\"text-align: center;\"><div class=\"_df_book df-lite\" id=\"df_234368\"  _slug=\"annual-report-2022\" data-title=\"annual-report-2022\" wpoptions=\"true\" thumb=\"https:\/\/vuf.lt\/wp-content\/uploads\/2023\/05\/VU-Foundation-Annual-Report-2022.jpg\" thumbtype=\"\" ><\/div><script class=\"df-shortcode-script\" nowprocket type=\"application\/javascript\">window.option_df_234368 = {\"outline\":[],\"backgroundColor\":\"#FFFFFF\",\"autoEnableOutline\":\"false\",\"autoEnableThumbnail\":\"false\",\"overwritePDFOutline\":\"false\",\"enableDownload\":\"true\",\"direction\":\"1\",\"pageSize\":\"0\",\"soundEnable\":\"false\",\"maxTextureSize\":\"2048\",\"source\":\"https:\\\/\\\/vuf.lt\\\/wp-content\\\/uploads\\\/2023\\\/05\\\/VU-Foundation-Annual-Report-2022.pdf\",\"wpOptions\":\"true\"}; if(window.DFLIP && window.DFLIP.parseBooks){window.DFLIP.parseBooks();}<\/script><\/p>\n","protected":false},"excerpt":{"rendered":"<p>Get acquainted with VU Foundation&#8217;s independent auditor\u2018s report, annual report, financial statements for the year 2022. View this document as PDF here.<\/p>\n","protected":false},"author":4,"featured_media":235034,"parent":0,"menu_order":0,"comment_status":"closed","ping_status":"closed","template":"","meta":{"_acf_changed":false,"_monsterinsights_skip_tracking":false,"_monsterinsights_sitenote_active":false,"_monsterinsights_sitenote_note":"","_monsterinsights_sitenote_category":0,"footnotes":""},"class_list":["post-234374","page","type-page","status-publish","has-post-thumbnail","hentry"],"acf":[],"yoast_head":"<!-- This site is optimized with the Yoast SEO plugin v27.2 - https:\/\/yoast.com\/product\/yoast-seo-wordpress\/ -->\n<title>Annual Report \u2022 2022 - Vilnius University Foundation<\/title>\n<meta name=\"description\" content=\"Kvie\u010diame susipa\u017einti su nepriklausomo auditoriaus i\u0161vada, metiniu prane\u0161imu, finansin\u0117mis ataskaitomis u\u017e 2020 m. gruod\u017eio 31 d. pasibaigusius metus.\" \/>\n<meta name=\"robots\" content=\"index, follow, max-snippet:-1, max-image-preview:large, max-video-preview:-1\" \/>\n<meta property=\"og:locale\" content=\"en_US\" \/>\n<meta property=\"og:type\" content=\"article\" \/>\n<meta property=\"og:title\" content=\"VU Foundation | Annual Report \u2022 2022\" \/>\n<meta property=\"og:description\" content=\"Get acquainted with VU Foundation&#039;s independent auditor\u2018s report, annual report, financial statements for the year 2022.\" \/>\n<meta property=\"og:url\" content=\"https:\/\/vuf.lt\/metinis-pranesimas-2022\/\" \/>\n<meta property=\"og:site_name\" content=\"Vilnius University Foundation\" \/>\n<meta property=\"article:modified_time\" content=\"2023-05-19T14:03:54+00:00\" \/>\n<meta property=\"og:image\" content=\"https:\/\/vuf.lt\/wp-content\/uploads\/2023\/05\/AR2022.jpg\" \/>\n\t<meta property=\"og:image:width\" content=\"1200\" \/>\n\t<meta property=\"og:image:height\" content=\"630\" \/>\n\t<meta property=\"og:image:type\" content=\"image\/jpeg\" \/>\n<meta name=\"twitter:card\" content=\"summary_large_image\" \/>\n<meta name=\"twitter:title\" content=\"VU Foundation | Annual Report \u2022 2022\" \/>\n<meta name=\"twitter:description\" content=\"Get acquainted with VU Foundation&#039;s independent auditor\u2018s report, annual report, financial statements for the year 2022.\" \/>\n<meta name=\"twitter:image\" content=\"https:\/\/vuf.lt\/wp-content\/uploads\/2023\/05\/AR2022.jpg\" \/>\n<meta name=\"twitter:label1\" content=\"Est. reading time\" \/>\n\t<meta name=\"twitter:data1\" content=\"1 minute\" \/>\n<script type=\"application\/ld+json\" class=\"yoast-schema-graph\">{\"@context\":\"https:\/\/schema.org\",\"@graph\":[{\"@type\":\"WebPage\",\"@id\":\"https:\/\/vuf.lt\/metinis-pranesimas-2022\/\",\"url\":\"https:\/\/vuf.lt\/metinis-pranesimas-2022\/\",\"name\":\"Annual Report \u2022 2022 - Vilnius University Foundation\",\"isPartOf\":{\"@id\":\"https:\/\/vuf.lt\/#website\"},\"primaryImageOfPage\":{\"@id\":\"https:\/\/vuf.lt\/metinis-pranesimas-2022\/#primaryimage\"},\"image\":{\"@id\":\"https:\/\/vuf.lt\/metinis-pranesimas-2022\/#primaryimage\"},\"thumbnailUrl\":\"https:\/\/vuf.lt\/wp-content\/uploads\/2023\/09\/vuf2023cover-1.jpg\",\"datePublished\":\"2023-05-09T12:26:38+00:00\",\"dateModified\":\"2023-05-19T14:03:54+00:00\",\"description\":\"Kvie\u010diame susipa\u017einti su nepriklausomo auditoriaus i\u0161vada, metiniu prane\u0161imu, finansin\u0117mis ataskaitomis u\u017e 2020 m. gruod\u017eio 31 d. pasibaigusius metus.\",\"breadcrumb\":{\"@id\":\"https:\/\/vuf.lt\/metinis-pranesimas-2022\/#breadcrumb\"},\"inLanguage\":\"en-US\",\"potentialAction\":[{\"@type\":\"ReadAction\",\"target\":[\"https:\/\/vuf.lt\/metinis-pranesimas-2022\/\"]}]},{\"@type\":\"ImageObject\",\"inLanguage\":\"en-US\",\"@id\":\"https:\/\/vuf.lt\/metinis-pranesimas-2022\/#primaryimage\",\"url\":\"https:\/\/vuf.lt\/wp-content\/uploads\/2023\/09\/vuf2023cover-1.jpg\",\"contentUrl\":\"https:\/\/vuf.lt\/wp-content\/uploads\/2023\/09\/vuf2023cover-1.jpg\",\"width\":2400,\"height\":300},{\"@type\":\"BreadcrumbList\",\"@id\":\"https:\/\/vuf.lt\/metinis-pranesimas-2022\/#breadcrumb\",\"itemListElement\":[{\"@type\":\"ListItem\",\"position\":1,\"name\":\"Home\",\"item\":\"https:\/\/vuf.lt\/en\/\"},{\"@type\":\"ListItem\",\"position\":2,\"name\":\"Annual Report \u2022 2022\"}]},{\"@type\":\"WebSite\",\"@id\":\"https:\/\/vuf.lt\/#website\",\"url\":\"https:\/\/vuf.lt\/\",\"name\":\"Vilnius University Foundation\",\"description\":\"Donate to the sustainable endowment fund. Your donation is smartly invested. Return on investment is used to finance Vilnius University, and reinvested.\",\"potentialAction\":[{\"@type\":\"SearchAction\",\"target\":{\"@type\":\"EntryPoint\",\"urlTemplate\":\"https:\/\/vuf.lt\/?s={search_term_string}\"},\"query-input\":{\"@type\":\"PropertyValueSpecification\",\"valueRequired\":true,\"valueName\":\"search_term_string\"}}],\"inLanguage\":\"en-US\"}]}<\/script>\n<!-- \/ Yoast SEO plugin. -->","yoast_head_json":{"title":"Annual Report \u2022 2022 - Vilnius University Foundation","description":"Kvie\u010diame susipa\u017einti su nepriklausomo auditoriaus i\u0161vada, metiniu prane\u0161imu, finansin\u0117mis ataskaitomis u\u017e 2020 m. gruod\u017eio 31 d. pasibaigusius metus.","robots":{"index":"index","follow":"follow","max-snippet":"max-snippet:-1","max-image-preview":"max-image-preview:large","max-video-preview":"max-video-preview:-1"},"og_locale":"en_US","og_type":"article","og_title":"VU Foundation | Annual Report \u2022 2022","og_description":"Get acquainted with VU Foundation's independent auditor\u2018s report, annual report, financial statements for the year 2022.","og_url":"https:\/\/vuf.lt\/metinis-pranesimas-2022\/","og_site_name":"Vilnius University Foundation","article_modified_time":"2023-05-19T14:03:54+00:00","og_image":[{"width":1200,"height":630,"url":"https:\/\/vuf.lt\/wp-content\/uploads\/2023\/05\/AR2022.jpg","type":"image\/jpeg"}],"twitter_card":"summary_large_image","twitter_title":"VU Foundation | Annual Report \u2022 2022","twitter_description":"Get acquainted with VU Foundation's independent auditor\u2018s report, annual report, financial statements for the year 2022.","twitter_image":"https:\/\/vuf.lt\/wp-content\/uploads\/2023\/05\/AR2022.jpg","twitter_misc":{"Est. reading time":"1 minute"},"schema":{"@context":"https:\/\/schema.org","@graph":[{"@type":"WebPage","@id":"https:\/\/vuf.lt\/metinis-pranesimas-2022\/","url":"https:\/\/vuf.lt\/metinis-pranesimas-2022\/","name":"Annual Report \u2022 2022 - Vilnius University Foundation","isPartOf":{"@id":"https:\/\/vuf.lt\/#website"},"primaryImageOfPage":{"@id":"https:\/\/vuf.lt\/metinis-pranesimas-2022\/#primaryimage"},"image":{"@id":"https:\/\/vuf.lt\/metinis-pranesimas-2022\/#primaryimage"},"thumbnailUrl":"https:\/\/vuf.lt\/wp-content\/uploads\/2023\/09\/vuf2023cover-1.jpg","datePublished":"2023-05-09T12:26:38+00:00","dateModified":"2023-05-19T14:03:54+00:00","description":"Kvie\u010diame susipa\u017einti su nepriklausomo auditoriaus i\u0161vada, metiniu prane\u0161imu, finansin\u0117mis ataskaitomis u\u017e 2020 m. gruod\u017eio 31 d. pasibaigusius metus.","breadcrumb":{"@id":"https:\/\/vuf.lt\/metinis-pranesimas-2022\/#breadcrumb"},"inLanguage":"en-US","potentialAction":[{"@type":"ReadAction","target":["https:\/\/vuf.lt\/metinis-pranesimas-2022\/"]}]},{"@type":"ImageObject","inLanguage":"en-US","@id":"https:\/\/vuf.lt\/metinis-pranesimas-2022\/#primaryimage","url":"https:\/\/vuf.lt\/wp-content\/uploads\/2023\/09\/vuf2023cover-1.jpg","contentUrl":"https:\/\/vuf.lt\/wp-content\/uploads\/2023\/09\/vuf2023cover-1.jpg","width":2400,"height":300},{"@type":"BreadcrumbList","@id":"https:\/\/vuf.lt\/metinis-pranesimas-2022\/#breadcrumb","itemListElement":[{"@type":"ListItem","position":1,"name":"Home","item":"https:\/\/vuf.lt\/en\/"},{"@type":"ListItem","position":2,"name":"Annual Report \u2022 2022"}]},{"@type":"WebSite","@id":"https:\/\/vuf.lt\/#website","url":"https:\/\/vuf.lt\/","name":"Vilnius University Foundation","description":"Donate to the sustainable endowment fund. Your donation is smartly invested. Return on investment is used to finance Vilnius University, and reinvested.","potentialAction":[{"@type":"SearchAction","target":{"@type":"EntryPoint","urlTemplate":"https:\/\/vuf.lt\/?s={search_term_string}"},"query-input":{"@type":"PropertyValueSpecification","valueRequired":true,"valueName":"search_term_string"}}],"inLanguage":"en-US"}]}},"_links":{"self":[{"href":"https:\/\/vuf.lt\/en\/wp-json\/wp\/v2\/pages\/234374","targetHints":{"allow":["GET"]}}],"collection":[{"href":"https:\/\/vuf.lt\/en\/wp-json\/wp\/v2\/pages"}],"about":[{"href":"https:\/\/vuf.lt\/en\/wp-json\/wp\/v2\/types\/page"}],"author":[{"embeddable":true,"href":"https:\/\/vuf.lt\/en\/wp-json\/wp\/v2\/users\/4"}],"replies":[{"embeddable":true,"href":"https:\/\/vuf.lt\/en\/wp-json\/wp\/v2\/comments?post=234374"}],"version-history":[{"count":4,"href":"https:\/\/vuf.lt\/en\/wp-json\/wp\/v2\/pages\/234374\/revisions"}],"predecessor-version":[{"id":234382,"href":"https:\/\/vuf.lt\/en\/wp-json\/wp\/v2\/pages\/234374\/revisions\/234382"}],"wp:featuredmedia":[{"embeddable":true,"href":"https:\/\/vuf.lt\/en\/wp-json\/wp\/v2\/media\/235034"}],"wp:attachment":[{"href":"https:\/\/vuf.lt\/en\/wp-json\/wp\/v2\/media?parent=234374"}],"curies":[{"name":"wp","href":"https:\/\/api.w.org\/{rel}","templated":true}]}}